{"id":1440,"date":"2022-04-28T05:59:24","date_gmt":"2022-04-28T10:59:24","guid":{"rendered":"https:\/\/epaa.gob.ec\/wp\/?page_id=1440"},"modified":"2025-05-26T11:07:54","modified_gmt":"2025-05-26T16:07:54","slug":"rendicion-de-cuentas-2021","status":"publish","type":"page","link":"https:\/\/epaa.gob.ec\/wp\/?page_id=1440","title":{"rendered":"Rendici\u00f3n de Cuentas 2021"},"content":{"rendered":"\n<h4 class=\"has-text-align-center wp-block-heading\"><strong>RENDICI\u00d3N DE CUENTAS 2021<\/strong><\/h4>\n\n\n\n<p class=\"text-justify\"><strong>Art. 7.- Difusi\u00f3n de la Informaci\u00f3n P\u00fablica.-<\/strong>&nbsp;Por la transparencia en la gesti\u00f3n administrativa que est\u00e1n obligadas a observar todas las instituciones del Estado que conforman el sector p\u00fablico en los t\u00e9rminos del art\u00edculo 118 de la Constituci\u00f3n Pol\u00edtica de la Rep\u00fablica y dem\u00e1s entes se\u00f1alados en el art\u00edculo 1 de la presente Ley, difundir\u00e1n a trav\u00e9s de un portal de informaci\u00f3n o p\u00e1gina web, as\u00ed como de los medios necesarios a disposici\u00f3n del p\u00fablico, implementados en la misma instituci\u00f3n, la siguiente informaci\u00f3n m\u00ednima actualizada, que para efectos de esta Ley se la considera de naturaleza obligatoria:<br><br>m) Mecanismos de rendici\u00f3n de cuentas a la ciudadan\u00eda, tales como metas e informes de gesti\u00f3n e indicadores de desempe\u00f1o;<\/p>\n\n\n\n<figure class=\"wp-block-image size-large\"><img loading=\"lazy\" decoding=\"async\" width=\"840\" height=\"163\" src=\"https:\/\/epaa.gob.ec\/wp\/wp-content\/uploads\/2022\/04\/rc_epaa_2021-840x163.jpg\" alt=\"\" class=\"wp-image-1451\" srcset=\"https:\/\/epaa.gob.ec\/wp\/wp-content\/uploads\/2022\/04\/rc_epaa_2021-840x163.jpg 840w, https:\/\/epaa.gob.ec\/wp\/wp-content\/uploads\/2022\/04\/rc_epaa_2021-660x128.jpg 660w, https:\/\/epaa.gob.ec\/wp\/wp-content\/uploads\/2022\/04\/rc_epaa_2021-768x149.jpg 768w, https:\/\/epaa.gob.ec\/wp\/wp-content\/uploads\/2022\/04\/rc_epaa_2021-1536x298.jpg 1536w, https:\/\/epaa.gob.ec\/wp\/wp-content\/uploads\/2022\/04\/rc_epaa_2021.jpg 1668w\" sizes=\"auto, (max-width: 840px) 100vw, 840px\" \/><\/figure>\n\n\n\n<p><strong>MECANISMOS DE&nbsp;RENDICI\u00d3N&nbsp;DE CUENTAS DE AL EPAA-AA<\/strong><\/p>\n\n\n\n<p><a href=\"https:\/\/fb.watch\/cGcPEvI1fx\/\">Rendici\u00f3n de Cuentas 2021 de la EPAA-AA<\/a><\/p>\n\n\n\n<p><a href=\"https:\/\/epaa.gob.ec\/wp\/wp-content\/uploads\/2022\/05\/INFORME_DE_RENDICION_DE_CUENTAS_No_7514_PERIODO_2021.pdf\">Informe de Rendici\u00f3n de Cuentas<\/a><\/p>\n\n\n\n<p><a href=\"https:\/\/epaa.gob.ec\/wp\/wp-content\/uploads\/2022\/05\/empresas-publicas-gad-EPAA_AA2021.xlsx\">Formulario EPAA-AA<\/a><\/p>\n\n\n\n<p><a href=\"https:\/\/epaa.gob.ec\/wp\/wp-content\/uploads\/2022\/05\/INFORME_GESTION_EPAA-AAPERIODO2021.pdf\">Informe de Gesti\u00f3n EPAA-AA<\/a><\/p>\n\n\n\n<br><\/br>\n","protected":false},"excerpt":{"rendered":"<p>RENDICI\u00d3N DE CUENTAS 2021 Art. 7.- Difusi\u00f3n de la Informaci\u00f3n P\u00fablica.-&nbsp;Por la transparencia en la gesti\u00f3n administrativa que est\u00e1n obligadas a observar todas las instituciones del Estado que conforman el sector p\u00fablico en los t\u00e9rminos del art\u00edculo 118 de la Constituci\u00f3n Pol\u00edtica de la Rep\u00fablica y dem\u00e1s entes se\u00f1alados en el art\u00edculo 1 de la [&hellip;]<\/p>\n","protected":false},"author":1,"featured_media":0,"parent":0,"menu_order":0,"comment_status":"closed","ping_status":"closed","template":"","meta":{"footnotes":""},"class_list":["post-1440","page","type-page","status-publish","hentry"],"_links":{"self":[{"href":"https:\/\/epaa.gob.ec\/wp\/index.php?rest_route=\/wp\/v2\/pages\/1440","targetHints":{"allow":["GET"]}}],"collection":[{"href":"https:\/\/epaa.gob.ec\/wp\/index.php?rest_route=\/wp\/v2\/pages"}],"about":[{"href":"https:\/\/epaa.gob.ec\/wp\/index.php?rest_route=\/wp\/v2\/types\/page"}],"author":[{"embeddable":true,"href":"https:\/\/epaa.gob.ec\/wp\/index.php?rest_route=\/wp\/v2\/users\/1"}],"replies":[{"embeddable":true,"href":"https:\/\/epaa.gob.ec\/wp\/index.php?rest_route=%2Fwp%2Fv2%2Fcomments&post=1440"}],"version-history":[{"count":14,"href":"https:\/\/epaa.gob.ec\/wp\/index.php?rest_route=\/wp\/v2\/pages\/1440\/revisions"}],"predecessor-version":[{"id":2127,"href":"https:\/\/epaa.gob.ec\/wp\/index.php?rest_route=\/wp\/v2\/pages\/1440\/revisions\/2127"}],"wp:attachment":[{"href":"https:\/\/epaa.gob.ec\/wp\/index.php?rest_route=%2Fwp%2Fv2%2Fmedia&parent=1440"}],"curies":[{"name":"wp","href":"https:\/\/api.w.org\/{rel}","templated":true}]}}