{"id":4238,"date":"2025-12-22T09:45:27","date_gmt":"2025-12-22T14:45:27","guid":{"rendered":"https:\/\/epaa.gob.ec\/wp\/?page_id=4238"},"modified":"2025-12-30T12:19:16","modified_gmt":"2025-12-30T17:19:16","slug":"activate-y-vive-del-msp","status":"publish","type":"page","link":"https:\/\/epaa.gob.ec\/wp\/?page_id=4238","title":{"rendered":"\u201cAct\u00edvate y Vive\u201d del MSP"},"content":{"rendered":"\n<p><\/p>\n\n\n\n<p><\/p>\n\n\n\n<style>\n    .titulo {\n        font-size: 24px;\n        font-weight: bold;\n        text-align: center;\n        color:#3362ac;\n        transition: color 0.3s ease;\n    }\n\n    .titulo:hover {\n        color: #78dbff;\n    }\n\n    \/* Adaptabilidad para dispositivos m\u00f3viles *\/\n    @media (max-width: 600px) {\n        .titulo {\n            font-size: 18px;\n        }\n    }\n<\/style>\n\n<h2 class=\"titulo\">\u201cAct\u00edvate y Vive\u201d del MSP<\/h2>\n\n\n\n\n\n<p><\/p>\n\n\n\n<!DOCTYPE html>\n<html lang=\"es\">\n<head>\n    <meta charset=\"UTF-8\">\n    <meta name=\"viewport\" content=\"width=device-width, initial-scale=1.0\">\n    <title>Tabla Documentos MSP EPAA-AA<\/title>\n    <style>\n        table {\n            width: 100%;\n            border-collapse: collapse;\n        }\n        th, td {\n            border: 1px solid #000;\n            padding: 8px;\n            text-align: center;\n            font-size: 16px;\n        }\n        th {\n            background-color: #274a82;\n            color: white;\n            font-size: 18px;\n        }\n        a {\n            text-decoration: none;\n        }\n        td a {\n            display: flex;\n            justify-content: center;\n            align-items: center;\n        }\n        .icon {\n            width: 25px;\n            height: 25px;\n            transition: filter 0.3s ease;\n        }\n        .icon:hover {\n            filter: brightness(0.8);\n        }\n        @media (max-width: 600px) {\n            table {\n                font-size: 14px;\n            }\n            th, td {\n                padding: 6px;\n                font-size: 12px;\n            }\n            .icon {\n                width: 20px;\n                height: 20px;\n            }\n        }\n    <\/style>\n<\/head>\n<body>\n\n<table>\n    <tr>\n        <th>Documentos<\/th>\n        <th>Actividades<\/th>\n        <th>Estado<\/th>\n        <th>Visualizar<\/th>\n        <th>Descarga<\/th>\n    <\/tr>\n\n    <tr>\n        <td rowspan=\"2\">ACTIVIDADES FISICAS RECREATIVAS<\/td>\n        <td>Pausas Activas EPAA-AA<\/td>\n        <td>Vigente<\/td>\n<td> <a href=\"https:\/\/epaa.gob.ec\/wp\/wp-content\/uploads\/2025\/MSP\/Actividades_Fisicas_Recreativas\/PAUSAS_ACTIVAS_EPAA.pdf\" target=\"_blank\">\n                    <img decoding=\"async\" src=\"https:\/\/epaa.gob.ec\/wp\/wp-content\/uploads\/2025\/Logos_EPAA\/VER.png\" alt=\"Ver documento\" class=\"icon\">\n                <\/a><\/td>\n        \n        <td>  <a href=\"https:\/\/epaa.gob.ec\/wp\/wp-content\/uploads\/2025\/MSP\/Actividades_Fisicas_Recreativas\/PAUSAS_ACTIVAS_EPAA.pdf\" target=\"_blank\" download>\n                    <img decoding=\"async\" src=\"https:\/\/epaa.gob.ec\/wp\/wp-content\/uploads\/2025\/Logos_EPAA\/DESCARGAPDF.jpg\" alt=\"Descargar documento\" class=\"icon\">\n                <\/a><\/td>\n    <\/tr>\n    <tr>\n        <td>Solicitud Bailoterapia GAD<\/td>\n        <td>Vigente<\/td>\n<td> <a href=\"https:\/\/epaa.gob.ec\/wp\/wp-content\/uploads\/2025\/MSP\/Actividades_Fisicas_Recreativas\/SOLICITUD_BAILOTERAPIA_GAD.pdf\" target=\"_blank\">\n                    <img decoding=\"async\" src=\"https:\/\/epaa.gob.ec\/wp\/wp-content\/uploads\/2025\/Logos_EPAA\/VER.png\" alt=\"Ver documento\" class=\"icon\">\n                <\/a><\/td>\n        \n        <td>  <a href=\"https:\/\/epaa.gob.ec\/wp\/wp-content\/uploads\/2025\/MSP\/Actividades_Fisicas_Recreativas\/SOLICITUD_BAILOTERAPIA_GAD.pdf\" target=\"_blank\" download>\n                    <img decoding=\"async\" src=\"https:\/\/epaa.gob.ec\/wp\/wp-content\/uploads\/2025\/Logos_EPAA\/DESCARGAPDF.jpg\" alt=\"Descargar documento\" class=\"icon\">\n                <\/a><\/td>\n    <\/tr>\n\n    <tr>\n        <td>AGENTES BIOLOGICOS<\/td>\n        <td>Informe Medici\u00f3n y Riesgos<\/td>\n        <td>Vigente<\/td>\n<td> <a href=\"https:\/\/epaa.gob.ec\/wp\/wp-content\/uploads\/2025\/MSP\/Agentes_Biologicos\/Informe_Medicion_Identificacion_Riesgos_Biologicos_EPAA-MRL.pdf\" target=\"_blank\">\n<img decoding=\"async\" src=\"https:\/\/epaa.gob.ec\/wp\/wp-content\/uploads\/2025\/Logos_EPAA\/VER.png\" alt=\"Ver documento\" class=\"icon\"><\/a><\/td>\n\n        <td> <a href=\"https:\/\/epaa.gob.ec\/wp\/wp-content\/uploads\/2025\/MSP\/Agentes_Biologicos\/Informe_Medicion_Identificacion_Riesgos_Biologicos_EPAA-MRL.pdf\" target=\"_blank\">\n<img decoding=\"async\" src=\"https:\/\/epaa.gob.ec\/wp\/wp-content\/uploads\/2025\/Logos_EPAA\/DESCARGAPDF.jpg\" alt=\"Descarga documento\" class=\"icon\"><\/a><\/td>\n    <\/tr>\n\n    <tr>\n        <td>AGENTES FISICOS<\/td>\n        <td>Informe<\/td>\n        <td>Vigente<\/td>\n        <td> <a href=\"https:\/\/epaa.gob.ec\/wp\/wp-content\/uploads\/2025\/MSP\/Agentes_Fisicos\/Informe_Medicion_Riesgos_Iluminacion_EPAA-MRL-ILU.pdf\" target=\"_blank\">\n<img decoding=\"async\" src=\"https:\/\/epaa.gob.ec\/wp\/wp-content\/uploads\/2025\/Logos_EPAA\/VER.png\" alt=\"Ver documento\" class=\"icon\"><\/a><\/td>\n\n        <td> <a href=\"https:\/\/epaa.gob.ec\/wp\/wp-content\/uploads\/2025\/MSP\/Agentes_Fisicos\/Informe_Medicion_Riesgos_Iluminacion_EPAA-MRL-ILU.pdf\" target=\"_blank\">\n<img decoding=\"async\" src=\"https:\/\/epaa.gob.ec\/wp\/wp-content\/uploads\/2025\/Logos_EPAA\/DESCARGAPDF.jpg\" alt=\"Descarga documento\" class=\"icon\"><\/a><\/td>\n    <\/tr>\n\n    <tr>\n        <td rowspan=\"3\">AGENTES QUIMICOS<\/td>\n        <td>Fichas T\u00e9cnicas 1<\/td>\n        <td>Vigente<\/td>\n<td> <a href=\"https:\/\/epaa.gob.ec\/wp\/wp-content\/uploads\/2025\/MSP\/Agentes_Quimicos\/Hoja_Seguridad_Cloro_Gas.pdf\" target=\"_blank\">\n<img decoding=\"async\" src=\"https:\/\/epaa.gob.ec\/wp\/wp-content\/uploads\/2025\/Logos_EPAA\/VER.png\" alt=\"Ver documento\" class=\"icon\"><\/a><\/td>\n\n<td> <a href=\"https:\/\/epaa.gob.ec\/wp\/wp-content\/uploads\/2025\/MSP\/Agentes_Quimicos\/Hoja_Seguridad_Cloro_Gas.pdf\" target=\"_blank\">\n<img decoding=\"async\" src=\"https:\/\/epaa.gob.ec\/wp\/wp-content\/uploads\/2025\/Logos_EPAA\/DESCARGAPDF.jpg\" alt=\"Descarga documento\" class=\"icon\"><\/a><\/td>\n    <\/tr>\n    <tr>\n        <td>Fichas T\u00e9cnicas 2<\/td>\n        <td>Vigente<\/td>\n<td> <a href=\"https:\/\/epaa.gob.ec\/wp\/wp-content\/uploads\/2025\/MSP\/Agentes_Quimicos\/9-19-ficha_tecnica_pac_liquido-signed0394474001762981017.pdf\" target=\"_blank\">\n<img decoding=\"async\" src=\"https:\/\/epaa.gob.ec\/wp\/wp-content\/uploads\/2025\/Logos_EPAA\/VER.png\" alt=\"Ver documento\"  class=\"icon\"><\/a><\/td>\n\n<td> <a href=\"https:\/\/epaa.gob.ec\/wp\/wp-content\/uploads\/2025\/MSP\/Agentes_Quimicos\/9-19-ficha_tecnica_pac_liquido-signed0394474001762981017.pdf\" target=\"_blank\">\n<img decoding=\"async\" src=\"https:\/\/epaa.gob.ec\/wp\/wp-content\/uploads\/2025\/Logos_EPAA\/DESCARGAPDF.jpg\" alt=\"Descarga documento\" class=\"icon\"><\/a><\/td>\n    <\/tr>\n    <tr>\n        <td>Informe de Medici\u00f3n y Riesgos<\/td>\n        <td>Vigente<\/td>\n        <td> <a href=\"https:\/\/epaa.gob.ec\/wp\/wp-content\/uploads\/2025\/MSP\/Agentes_Quimicos\/Informe_Medicion_Riesgos_Material_Particulado_EPAA-MRL-MPA.pdf\" target=\"_blank\">\n<img decoding=\"async\" src=\"https:\/\/epaa.gob.ec\/wp\/wp-content\/uploads\/2025\/Logos_EPAA\/VER.png\" alt=\"Ver documento\"  class=\"icon\"><\/a><\/td>\n<td> <a href=\"https:\/\/epaa.gob.ec\/wp\/wp-content\/uploads\/2025\/MSP\/Agentes_Quimicos\/Informe_Medicion_Riesgos_Material_Particulado_EPAA-MRL-MPA.pdf\" target=\"_blank\">\n<img decoding=\"async\" src=\"https:\/\/epaa.gob.ec\/wp\/wp-content\/uploads\/2025\/Logos_EPAA\/DESCARGAPDF.jpg\" alt=\"Descarga documento\" class=\"icon\"><\/a><\/td>\n    <\/tr>\n\n    <tr>\n        <td>ALIMENTACION SALUDABLE<\/td>\n        <td>Solicitud Pasantes de Nutrici\u00f3n<\/td>\n        <td>Vigente<\/td>\n                <td> <a href=\"https:\/\/epaa.gob.ec\/wp\/wp-content\/uploads\/2025\/MSP\/Alimentacion_Saludable\/SOLICITUD_MAPEO_NUTRICIONAL.pdf\" target=\"_blank\">\n<img decoding=\"async\" src=\"https:\/\/epaa.gob.ec\/wp\/wp-content\/uploads\/2025\/Logos_EPAA\/VER.png\" alt=\"Ver documento\" class=\"icon\"><\/a><\/td>\n\n        <td> <a href=\"https:\/\/epaa.gob.ec\/wp\/wp-content\/uploads\/2025\/MSP\/Alimentacion_Saludable\/SOLICITUD_MAPEO_NUTRICIONAL.pdf\" target=\"_blank\">\n<img decoding=\"async\" src=\"https:\/\/epaa.gob.ec\/wp\/wp-content\/uploads\/2025\/Logos_EPAA\/DESCARGAPDF.jpg\" alt=\"Descarga documento\" class=\"icon\"><\/a><\/td>\n    <\/tr>\n\n    <tr>\n        <td rowspan=\"2\">AUSENTISMO LABORAL 2025<\/td>\n        <td>Estad\u00edsticas de Ausentismo<\/td>\n        <td>Vigente<\/td>\n        <td> <a href=\"https:\/\/epaa.gob.ec\/wp\/wp-content\/uploads\/2025\/MSP\/Ausentismo_Laboral_2025\/estadistica_ausentismo.pdf\" target=\"_blank\">\n<img decoding=\"async\" src=\"https:\/\/epaa.gob.ec\/wp\/wp-content\/uploads\/2025\/Logos_EPAA\/VER.png\" alt=\"Ver documento\" class=\"icon\"><\/a><\/td>\n\n<td> <a href=\"https:\/\/epaa.gob.ec\/wp\/wp-content\/uploads\/2025\/MSP\/Ausentismo_Laboral_2025\/estadistica_ausentismo.pdf\" target=\"_blank\">\n<img decoding=\"async\" src=\"https:\/\/epaa.gob.ec\/wp\/wp-content\/uploads\/2025\/Logos_EPAA\/DESCARGAPDF.jpg\" alt=\"Descarga documento\" class=\"icon\"><\/a><\/td>\n    <\/tr>\n    <tr>\n        <td>Informe M\u00e9dico<\/td>\n        <td>Vigente<\/td>\n                <td> <a href=\"https:\/\/epaa.gob.ec\/wp\/wp-content\/uploads\/2025\/MSP\/Ausentismo_Laboral\n_2025\/Informe_Medicion_Identificacion_Riesgos_Ruido_EPAA-MRL-RUI.pdf\" target=\"_blank\">\n<img decoding=\"async\" src=\"https:\/\/epaa.gob.ec\/wp\/wp-content\/uploads\/2025\/Logos_EPAA\/VER.png\" alt=\"Ver documento\" class=\"icon\"><\/a><\/td>\n\n                <td> <a href=\"https:\/\/epaa.gob.ec\/wp\/wp-content\/uploads\/2025\/MSP\/Ausentismo_Laboral_2025\/Informe_Medicion_Identificacion_Riesgos_Ruido_EPAA-MRL-RUI.pdf\" target=\"_blank\">\n<img decoding=\"async\" src=\"https:\/\/epaa.gob.ec\/wp\/wp-content\/uploads\/2025\/Logos_EPAA\/DESCARGAPDF.jpg\" alt=\"Descarga documento\" class=\"icon\"><\/a><\/td>\n    <\/tr>\n\n    <tr>\n        <td>FACTORES DE RIESGO PSICOSOCIAL<\/td>\n        <td>Informe Medici\u00f3n de Riesgos Psicosocial<\/td>\n        <td>Vigente<\/td>\n                        <td> <a href=\"https:\/\/epaa.gob.ec\/wp\/wp-content\/uploads\/2025\/MSP\/Factores_Riesgos_Psicosocial\/Informe_Medicion_Riesgos_Psicosocial_EPAA-M.pdf\" target=\"_blank\">\n<img decoding=\"async\" src=\"https:\/\/epaa.gob.ec\/wp\/wp-content\/uploads\/2025\/Logos_EPAA\/VER.png\" alt=\"Ver documento\" class=\"icon\"><\/a><\/td>\n\n<td> <a href=\"https:\/\/epaa.gob.ec\/wp\/wp-content\/uploads\/2025\/MSP\/Factores_Riesgos_Psicosocial\/Informe_Medicion_Riesgos_Psicosocial_EPAA-M.pdf\" target=\"_blank\">\n<img decoding=\"async\" src=\"https:\/\/epaa.gob.ec\/wp\/wp-content\/uploads\/2025\/Logos_EPAA\/DESCARGAPDF.jpg\" alt=\" Descarga documento\" class=\"icon\"><\/a><\/td>\n    <\/tr>\n\n    <tr>\n        <td>FACTORES ERGONOMICOS<\/td>\n        <td>Informe Medici\u00f3n de Riesgos de Uso<\/td>\n        <td>Vigente<\/td>\n<td> <a href=\"https:\/\/epaa.gob.ec\/wp\/wp-content\/uploads\/2025\/MSP\/Factores_Ergonomicos\/Informe_Medicion_Riesgos_Uso_PVD_EPAA-MRL-PVD.pdf\" target=\"_blank\">\n<img decoding=\"async\" src=\"https:\/\/epaa.gob.ec\/wp\/wp-content\/uploads\/2025\/Logos_EPAA\/VER.png\" alt=\"Ver documento\" class=\"icon\"><\/a><\/td>\n\n        <td> <a href=\"https:\/\/epaa.gob.ec\/wp\/wp-content\/uploads\/2025\/MSP\/Factores_Ergonomicos\/Informe_Medicion_Riesgos_Uso_PVD_EPAA-MRL-PVD.pdf\" target=\"_blank\">\n<img decoding=\"async\" src=\"https:\/\/epaa.gob.ec\/wp\/wp-content\/uploads\/2025\/Logos_EPAA\/DESCARGAPDF.jpg\" alt=\"Descarga documento\" class=\"icon\"><\/a><\/td>\n    <\/tr>\n\n    <tr>\n        <td>POA 2026<\/td>\n        <td>Matriz General<\/td>\n        <td>Vigente<\/td>\n<td> <a href=\"https:\/\/epaa.gob.ec\/wp\/wp-content\/uploads\/2025\/MSP\/POA_2026\/MATRIZ_GENERAL_PROYECCION_GASTOS_2026.pdf\" target=\"_blank\">\n<img decoding=\"async\" src=\"https:\/\/epaa.gob.ec\/wp\/wp-content\/uploads\/2025\/Logos_EPAA\/VER.png\" alt=\"Ver documento\" class=\"icon\"><\/a><\/td>\n\n<td> <a href=\"https:\/\/epaa.gob.ec\/wp\/wp-content\/uploads\/2025\/MSP\/POA_2026\/MATRIZ_GENERAL_PROYECCION_GASTOS_2026.pdf\" target=\"_blank\">\n<img decoding=\"async\" src=\"https:\/\/epaa.gob.ec\/wp\/wp-content\/uploads\/2025\/Logos_EPAA\/DESCARGAPDF.jpg\" alt=\"Descarga documento\" class=\"icon\"><\/a><\/td>\n    <\/tr>\n\n    <tr>\n        <td>PREVENCION DE CONSUMOS NOCIVOS<\/td>\n        <td>Certificado EPAA-AA Libre de Humo<\/td>\n        <td>Vigente<\/td>\n        <td> <a href=\"https:\/\/epaa.gob.ec\/wp\/wp-content\/uploads\/2025\/MSP\/Prevencion_Consumos_Nocivos\/Certificado_EPAA-AA_libre_Humo.pdf\" target=\"_blank\">\n\n<img decoding=\"async\" src=\"https:\/\/epaa.gob.ec\/wp\/wp-content\/uploads\/2025\/Logos_EPAA\/VER.png\" alt=\"Ver documento\" class=\"icon\"><\/a><\/td>\n\n<td> <a href=\"https:\/\/epaa.gob.ec\/wp\/wp-content\/uploads\/2025\/MSP\/Prevencion_Consumos_Nocivos\/Certificado_EPAA-AA_libre_Humo.pdf\" target=\"_blank\">\n<img decoding=\"async\" src=\"https:\/\/epaa.gob.ec\/wp\/wp-content\/uploads\/2025\/Logos_EPAA\/DESCARGAPDF.jpg\"  alt=\"Descarga documento\" class=\"icon\"><\/a><\/td>\n    <\/tr>\n\n    <tr>\n        <td>PROMOCION DE LA SALUD MENTAL<\/td>\n        <td><\/td><!-- agregar nombre y documento -->\n        <td>Vigente<\/td>\n        <td><a href=\"#\"><img decoding=\"async\" src=\"https:\/\/epaa.gob.ec\/wp\/wp-content\/uploads\/2025\/Logos_EPAA\/VER.png\" alt=\"Ver documento\" class=\"icon\"><\/a><\/td>\n\n        <td><a href=\"#\"><img decoding=\"async\" src=\"https:\/\/epaa.gob.ec\/wp\/wp-content\/uploads\/2025\/Logos_EPAA\/DESCARGAPDF.jpg\" alt=\"Descarga documento\" class=\"icon\"><\/a><\/td>\n    <\/tr>\n\n    <tr>\n        <td>PROMOCION DE LA LACTANCIA MATERNA<\/td>\n        <td>Certificado Permanente EPAA-AA<\/td>\n        <td>Vigente<\/td>\n<td> <a href=\"https:\/\/epaa.gob.ec\/wp\/wp-content\/uploads\/2025\/MSP\/Promocion_Lactancia_Materna\/10D02_EPAA-AA_SALM_PERMANENTE.pdf\" target=\"_blank\">\n\n<img decoding=\"async\" src=\"https:\/\/epaa.gob.ec\/wp\/wp-content\/uploads\/2025\/Logos_EPAA\/VER.png\" alt=\"Ver documento\" class=\"icon\"><\/a><\/td>\n<td> <a href=\"https:\/\/epaa.gob.ec\/wp\/wp-content\/uploads\/2025\/MSP\/Promocion_Lactancia_Materna\/10D02_EPAA-AA_SALM_PERMANENTE.pdf\" target=\"_blank\">\n\n<img decoding=\"async\" src=\"https:\/\/epaa.gob.ec\/wp\/wp-content\/uploads\/2025\/Logos_EPAA\/DESCARGAPDF.jpg\" alt=\"Descarga documento\" class=\"icon\"><\/a><\/td>\n    <\/tr>\n\n    <tr>\n        <td>SALUD SEXUAL Y REPRODUCTIVA<\/td>\n        <td><\/td><!-- agregar nombre y documento -->\n        <td>Vigente<\/td>\n        <td><a href=\"#\"><img decoding=\"async\" src=\"https:\/\/epaa.gob.ec\/wp\/wp-content\/uploads\/2025\/Logos_EPAA\/VER.png\" alt=\"Ver documento\"  class=\"icon\"><\/a><\/td>\n        <td><a href=\"#\"><img decoding=\"async\" src=\"https:\/\/epaa.gob.ec\/wp\/wp-content\/uploads\/2025\/Logos_EPAA\/DESCARGAPDF.jpg\" alt=\"Descarga documento\" class=\"icon\"><\/a><\/td>\n    <\/tr>\n<\/table>\n<\/body>\n<\/html>\n\n\n\n\n\n<p><\/p>\n","protected":false},"excerpt":{"rendered":"<p>\u201cAct\u00edvate y Vive\u201d del MSP Tabla Documentos MSP EPAA-AA Documentos Actividades Estado Visualizar Descarga ACTIVIDADES FISICAS RECREATIVAS Pausas Activas EPAA-AA Vigente Solicitud Bailoterapia GAD Vigente AGENTES BIOLOGICOS Informe Medici\u00f3n y Riesgos Vigente AGENTES FISICOS Informe Vigente AGENTES QUIMICOS Fichas T\u00e9cnicas 1 Vigente Fichas T\u00e9cnicas 2 Vigente Informe de Medici\u00f3n y Riesgos Vigente ALIMENTACION SALUDABLE Solicitud [&hellip;]<\/p>\n","protected":false},"author":1,"featured_media":0,"parent":0,"menu_order":0,"comment_status":"closed","ping_status":"closed","template":"","meta":{"footnotes":""},"class_list":["post-4238","page","type-page","status-publish","hentry"],"_links":{"self":[{"href":"https:\/\/epaa.gob.ec\/wp\/index.php?rest_route=\/wp\/v2\/pages\/4238","targetHints":{"allow":["GET"]}}],"collection":[{"href":"https:\/\/epaa.gob.ec\/wp\/index.php?rest_route=\/wp\/v2\/pages"}],"about":[{"href":"https:\/\/epaa.gob.ec\/wp\/index.php?rest_route=\/wp\/v2\/types\/page"}],"author":[{"embeddable":true,"href":"https:\/\/epaa.gob.ec\/wp\/index.php?rest_route=\/wp\/v2\/users\/1"}],"replies":[{"embeddable":true,"href":"https:\/\/epaa.gob.ec\/wp\/index.php?rest_route=%2Fwp%2Fv2%2Fcomments&post=4238"}],"version-history":[{"count":21,"href":"https:\/\/epaa.gob.ec\/wp\/index.php?rest_route=\/wp\/v2\/pages\/4238\/revisions"}],"predecessor-version":[{"id":4269,"href":"https:\/\/epaa.gob.ec\/wp\/index.php?rest_route=\/wp\/v2\/pages\/4238\/revisions\/4269"}],"wp:attachment":[{"href":"https:\/\/epaa.gob.ec\/wp\/index.php?rest_route=%2Fwp%2Fv2%2Fmedia&parent=4238"}],"curies":[{"name":"wp","href":"https:\/\/api.w.org\/{rel}","templated":true}]}}